{"id":1171,"date":"2022-10-25T21:24:28","date_gmt":"2022-10-25T21:24:28","guid":{"rendered":"https:\/\/ladanse-fulda.de\/?page_id=1171"},"modified":"2022-10-28T14:08:11","modified_gmt":"2022-10-28T14:08:11","slug":"gala-2013-3","status":"publish","type":"page","link":"https:\/\/ladanse-fulda.de\/?page_id=1171","title":{"rendered":"R\u00e4ume"},"content":{"rendered":"\t\t<div data-elementor-type=\"wp-page\" data-elementor-id=\"1171\" class=\"elementor elementor-1171\">\n\t\t\t\t\t\t\t\t\t<section class=\"elementor-section elementor-top-section elementor-element elementor-element-6a48eca0 elementor-section-height-min-height elementor-section-items-stretch elementor-section-boxed elementor-section-height-default\" data-id=\"6a48eca0\" data-element_type=\"section\" data-settings=\"{&quot;background_background&quot;:&quot;classic&quot;}\">\n\t\t\t\t\t\t<div class=\"elementor-container elementor-column-gap-default\">\n\t\t\t\t\t<div class=\"elementor-column elementor-col-100 elementor-top-column elementor-element elementor-element-372acf7a\" data-id=\"372acf7a\" data-element_type=\"column\">\n\t\t\t<div class=\"elementor-widget-wrap elementor-element-populated\">\n\t\t\t\t\t\t\t\t<section class=\"elementor-section elementor-inner-section elementor-element elementor-element-4a7ec016 elementor-section-boxed elementor-section-height-default elementor-section-height-default\" data-id=\"4a7ec016\" data-element_type=\"section\">\n\t\t\t\t\t\t<div class=\"elementor-container elementor-column-gap-default\">\n\t\t\t\t\t<div class=\"elementor-column elementor-col-100 elementor-inner-column elementor-element elementor-element-7f89f0bf\" data-id=\"7f89f0bf\" data-element_type=\"column\">\n\t\t\t<div class=\"elementor-widget-wrap elementor-element-populated\">\n\t\t\t\t\t\t\t\t<div class=\"elementor-element elementor-element-5828dce9 elementor-widget elementor-widget-heading\" data-id=\"5828dce9\" data-element_type=\"widget\" data-widget_type=\"heading.default\">\n\t\t\t\t<div class=\"elementor-widget-container\">\n\t\t\t<style>\/*! elementor - v3.7.8 - 02-10-2022 *\/\n.elementor-heading-title{padding:0;margin:0;line-height:1}.elementor-widget-heading .elementor-heading-title[class*=elementor-size-]>a{color:inherit;font-size:inherit;line-height:inherit}.elementor-widget-heading .elementor-heading-title.elementor-size-small{font-size:15px}.elementor-widget-heading .elementor-heading-title.elementor-size-medium{font-size:19px}.elementor-widget-heading .elementor-heading-title.elementor-size-large{font-size:29px}.elementor-widget-heading .elementor-heading-title.elementor-size-xl{font-size:39px}.elementor-widget-heading .elementor-heading-title.elementor-size-xxl{font-size:59px}<\/style><h1 class=\"elementor-heading-title elementor-size-default\">R\u00e4ume<\/h1>\t\t<\/div>\n\t\t\t\t<\/div>\n\t\t\t\t<div class=\"elementor-element elementor-element-2cbd6e06 elementor-widget elementor-widget-text-editor\" data-id=\"2cbd6e06\" data-element_type=\"widget\" data-widget_type=\"text-editor.default\">\n\t\t\t\t<div class=\"elementor-widget-container\">\n\t\t\t<style>\/*! elementor - v3.7.8 - 02-10-2022 *\/\n.elementor-widget-text-editor.elementor-drop-cap-view-stacked .elementor-drop-cap{background-color:#818a91;color:#fff}.elementor-widget-text-editor.elementor-drop-cap-view-framed .elementor-drop-cap{color:#818a91;border:3px solid;background-color:transparent}.elementor-widget-text-editor:not(.elementor-drop-cap-view-default) .elementor-drop-cap{margin-top:8px}.elementor-widget-text-editor:not(.elementor-drop-cap-view-default) .elementor-drop-cap-letter{width:1em;height:1em}.elementor-widget-text-editor .elementor-drop-cap{float:left;text-align:center;line-height:1;font-size:50px}.elementor-widget-text-editor .elementor-drop-cap-letter{display:inline-block}<\/style>\t\t\t\t<p>Impressionen unserer Ballettschule<\/p>\t\t\t\t\t\t<\/div>\n\t\t\t\t<\/div>\n\t\t\t\t\t<\/div>\n\t\t<\/div>\n\t\t\t\t\t\t\t<\/div>\n\t\t<\/section>\n\t\t\t\t<section class=\"elementor-section elementor-inner-section elementor-element elementor-element-31cb6041 elementor-section-boxed elementor-section-height-default elementor-section-height-default\" data-id=\"31cb6041\" data-element_type=\"section\">\n\t\t\t\t\t\t<div class=\"elementor-container elementor-column-gap-default\">\n\t\t\t\t\t<div class=\"elementor-column elementor-col-33 elementor-inner-column elementor-element elementor-element-287d6a45\" data-id=\"287d6a45\" data-element_type=\"column\" data-settings=\"{&quot;background_background&quot;:&quot;classic&quot;}\">\n\t\t\t<div class=\"elementor-widget-wrap\">\n\t\t\t\t\t\t\t\t\t<\/div>\n\t\t<\/div>\n\t\t\t\t<div class=\"elementor-column elementor-col-33 elementor-inner-column elementor-element elementor-element-727efe30\" data-id=\"727efe30\" data-element_type=\"column\" data-settings=\"{&quot;background_background&quot;:&quot;classic&quot;}\">\n\t\t\t<div class=\"elementor-widget-wrap elementor-element-populated\">\n\t\t\t\t\t\t\t\t<div class=\"elementor-element elementor-element-697cd717 elementor-pagination-position-outside elementor-widget elementor-widget-image-carousel\" data-id=\"697cd717\" data-element_type=\"widget\" data-settings=\"{&quot;slides_to_show&quot;:&quot;1&quot;,&quot;navigation&quot;:&quot;dots&quot;,&quot;slides_to_show_mobile&quot;:&quot;1&quot;,&quot;autoplay_speed&quot;:3000,&quot;autoplay&quot;:&quot;yes&quot;,&quot;pause_on_hover&quot;:&quot;yes&quot;,&quot;pause_on_interaction&quot;:&quot;yes&quot;,&quot;infinite&quot;:&quot;yes&quot;,&quot;effect&quot;:&quot;slide&quot;,&quot;speed&quot;:500}\" data-widget_type=\"image-carousel.default\">\n\t\t\t\t<div class=\"elementor-widget-container\">\n\t\t\t<style>\/*! elementor - v3.7.8 - 02-10-2022 *\/\n.elementor-widget-image-carousel .swiper-container{position:static}.elementor-widget-image-carousel .swiper-container .swiper-slide figure{line-height:inherit}.elementor-widget-image-carousel .swiper-slide{text-align:center}.elementor-image-carousel-wrapper:not(.swiper-container-initialized) .swiper-slide{max-width:calc(100% \/ var(--e-image-carousel-slides-to-show, 3))}<\/style>\t\t<div class=\"elementor-image-carousel-wrapper swiper-container\" dir=\"ltr\">\n\t\t\t<div class=\"elementor-image-carousel swiper-wrapper swiper-image-stretch\">\n\t\t\t\t\t\t\t\t<div class=\"swiper-slide\"><a data-elementor-open-lightbox=\"yes\" data-elementor-lightbox-slideshow=\"697cd717\" e-action-hash=\"#elementor-action%3Aaction%3Dlightbox%26settings%3DeyJpZCI6MjM5NSwidXJsIjoiaHR0cHM6XC9cL2xhZGFuc2UtZnVsZGEuZGVcL3dwLWNvbnRlbnRcL3VwbG9hZHNcLzIwMjJcLzEwXC9JTUdfMDMyNS1taW4tc2NhbGVkLmpwZyIsInNsaWRlc2hvdyI6IjY5N2NkNzE3In0%3D\" href=\"https:\/\/ladanse-fulda.de\/wp-content\/uploads\/2022\/10\/IMG_0325-min-scaled.jpg\" data-rel=\"lightbox-image-0\" data-rl_title=\"\" data-rl_caption=\"\" title=\"\"><figure class=\"swiper-slide-inner\"><img class=\"swiper-slide-image\" src=\"https:\/\/i0.wp.com\/ladanse-fulda.de\/wp-content\/uploads\/2022\/10\/IMG_0325-min-scaled.jpg?fit=700%2C700&amp;ssl=1\" alt=\"\" \/><\/figure><\/a><\/div><div class=\"swiper-slide\"><a data-elementor-open-lightbox=\"yes\" data-elementor-lightbox-slideshow=\"697cd717\" e-action-hash=\"#elementor-action%3Aaction%3Dlightbox%26settings%3DeyJpZCI6MjM5NiwidXJsIjoiaHR0cHM6XC9cL2xhZGFuc2UtZnVsZGEuZGVcL3dwLWNvbnRlbnRcL3VwbG9hZHNcLzIwMjJcLzEwXC9JTUdfMDMyOC1taW4tc2NhbGVkLmpwZyIsInNsaWRlc2hvdyI6IjY5N2NkNzE3In0%3D\" href=\"https:\/\/ladanse-fulda.de\/wp-content\/uploads\/2022\/10\/IMG_0328-min-scaled.jpg\" data-rel=\"lightbox-image-1\" data-rl_title=\"\" data-rl_caption=\"\" title=\"\"><figure class=\"swiper-slide-inner\"><img class=\"swiper-slide-image\" src=\"https:\/\/i0.wp.com\/ladanse-fulda.de\/wp-content\/uploads\/2022\/10\/IMG_0328-min-scaled.jpg?fit=700%2C700&amp;ssl=1\" alt=\"\" \/><\/figure><\/a><\/div><div class=\"swiper-slide\"><a data-elementor-open-lightbox=\"yes\" data-elementor-lightbox-slideshow=\"697cd717\" e-action-hash=\"#elementor-action%3Aaction%3Dlightbox%26settings%3DeyJpZCI6MjM5NywidXJsIjoiaHR0cHM6XC9cL2xhZGFuc2UtZnVsZGEuZGVcL3dwLWNvbnRlbnRcL3VwbG9hZHNcLzIwMjJcLzEwXC9JTUdfMDMzMS1taW4tc2NhbGVkLmpwZyIsInNsaWRlc2hvdyI6IjY5N2NkNzE3In0%3D\" href=\"https:\/\/ladanse-fulda.de\/wp-content\/uploads\/2022\/10\/IMG_0331-min-scaled.jpg\" data-rel=\"lightbox-image-2\" data-rl_title=\"\" data-rl_caption=\"\" title=\"\"><figure class=\"swiper-slide-inner\"><img class=\"swiper-slide-image\" src=\"https:\/\/i0.wp.com\/ladanse-fulda.de\/wp-content\/uploads\/2022\/10\/IMG_0331-min-scaled.jpg?fit=700%2C700&amp;ssl=1\" alt=\"\" \/><\/figure><\/a><\/div><div class=\"swiper-slide\"><a data-elementor-open-lightbox=\"yes\" data-elementor-lightbox-slideshow=\"697cd717\" e-action-hash=\"#elementor-action%3Aaction%3Dlightbox%26settings%3DeyJpZCI6MjM5OCwidXJsIjoiaHR0cHM6XC9cL2xhZGFuc2UtZnVsZGEuZGVcL3dwLWNvbnRlbnRcL3VwbG9hZHNcLzIwMjJcLzEwXC9JTUdfMDMzMi1taW4tc2NhbGVkLmpwZyIsInNsaWRlc2hvdyI6IjY5N2NkNzE3In0%3D\" href=\"https:\/\/ladanse-fulda.de\/wp-content\/uploads\/2022\/10\/IMG_0332-min-scaled.jpg\" data-rel=\"lightbox-image-3\" data-rl_title=\"\" data-rl_caption=\"\" title=\"\"><figure class=\"swiper-slide-inner\"><img class=\"swiper-slide-image\" src=\"https:\/\/i0.wp.com\/ladanse-fulda.de\/wp-content\/uploads\/2022\/10\/IMG_0332-min-scaled.jpg?fit=700%2C700&amp;ssl=1\" alt=\"\" \/><\/figure><\/a><\/div><div class=\"swiper-slide\"><a data-elementor-open-lightbox=\"yes\" data-elementor-lightbox-slideshow=\"697cd717\" e-action-hash=\"#elementor-action%3Aaction%3Dlightbox%26settings%3DeyJpZCI6MjM5OSwidXJsIjoiaHR0cHM6XC9cL2xhZGFuc2UtZnVsZGEuZGVcL3dwLWNvbnRlbnRcL3VwbG9hZHNcLzIwMjJcLzEwXC9JTUdfMDMzNC1taW4tc2NhbGVkLmpwZyIsInNsaWRlc2hvdyI6IjY5N2NkNzE3In0%3D\" href=\"https:\/\/ladanse-fulda.de\/wp-content\/uploads\/2022\/10\/IMG_0334-min-scaled.jpg\" data-rel=\"lightbox-image-4\" data-rl_title=\"\" data-rl_caption=\"\" title=\"\"><figure class=\"swiper-slide-inner\"><img class=\"swiper-slide-image\" src=\"https:\/\/i0.wp.com\/ladanse-fulda.de\/wp-content\/uploads\/2022\/10\/IMG_0334-min-scaled.jpg?fit=700%2C700&amp;ssl=1\" alt=\"\" \/><\/figure><\/a><\/div><div class=\"swiper-slide\"><a data-elementor-open-lightbox=\"yes\" data-elementor-lightbox-slideshow=\"697cd717\" e-action-hash=\"#elementor-action%3Aaction%3Dlightbox%26settings%3DeyJpZCI6MjQwNCwidXJsIjoiaHR0cHM6XC9cL2xhZGFuc2UtZnVsZGEuZGVcL3dwLWNvbnRlbnRcL3VwbG9hZHNcLzIwMjJcLzEwXC9JTUdfMDM1MC1taW4tc2NhbGVkLmpwZyIsInNsaWRlc2hvdyI6IjY5N2NkNzE3In0%3D\" href=\"https:\/\/ladanse-fulda.de\/wp-content\/uploads\/2022\/10\/IMG_0350-min-scaled.jpg\" data-rel=\"lightbox-image-5\" data-rl_title=\"\" data-rl_caption=\"\" title=\"\"><figure class=\"swiper-slide-inner\"><img class=\"swiper-slide-image\" src=\"https:\/\/i0.wp.com\/ladanse-fulda.de\/wp-content\/uploads\/2022\/10\/IMG_0350-min-scaled.jpg?fit=700%2C700&amp;ssl=1\" alt=\"\" \/><\/figure><\/a><\/div><div class=\"swiper-slide\"><a data-elementor-open-lightbox=\"yes\" data-elementor-lightbox-slideshow=\"697cd717\" e-action-hash=\"#elementor-action%3Aaction%3Dlightbox%26settings%3DeyJpZCI6MjQxNSwidXJsIjoiaHR0cHM6XC9cL2xhZGFuc2UtZnVsZGEuZGVcL3dwLWNvbnRlbnRcL3VwbG9hZHNcLzIwMjJcLzEwXC9JTUdfMDUwMi1taW4tc2NhbGVkLmpwZyIsInNsaWRlc2hvdyI6IjY5N2NkNzE3In0%3D\" href=\"https:\/\/ladanse-fulda.de\/wp-content\/uploads\/2022\/10\/IMG_0502-min-scaled.jpg\" data-rel=\"lightbox-image-6\" data-rl_title=\"\" data-rl_caption=\"\" title=\"\"><figure class=\"swiper-slide-inner\"><img class=\"swiper-slide-image\" src=\"https:\/\/i0.wp.com\/ladanse-fulda.de\/wp-content\/uploads\/2022\/10\/IMG_0502-min-scaled.jpg?fit=700%2C700&amp;ssl=1\" alt=\"\" \/><\/figure><\/a><\/div><div class=\"swiper-slide\"><a data-elementor-open-lightbox=\"yes\" data-elementor-lightbox-slideshow=\"697cd717\" e-action-hash=\"#elementor-action%3Aaction%3Dlightbox%26settings%3DeyJpZCI6MjQxNCwidXJsIjoiaHR0cHM6XC9cL2xhZGFuc2UtZnVsZGEuZGVcL3dwLWNvbnRlbnRcL3VwbG9hZHNcLzIwMjJcLzEwXC9JTUdfMDUwMC1taW4tc2NhbGVkLmpwZyIsInNsaWRlc2hvdyI6IjY5N2NkNzE3In0%3D\" href=\"https:\/\/ladanse-fulda.de\/wp-content\/uploads\/2022\/10\/IMG_0500-min-scaled.jpg\" data-rel=\"lightbox-image-7\" data-rl_title=\"\" data-rl_caption=\"\" title=\"\"><figure class=\"swiper-slide-inner\"><img class=\"swiper-slide-image\" src=\"https:\/\/i0.wp.com\/ladanse-fulda.de\/wp-content\/uploads\/2022\/10\/IMG_0500-min-scaled.jpg?fit=700%2C700&amp;ssl=1\" alt=\"\" \/><\/figure><\/a><\/div><div class=\"swiper-slide\"><a data-elementor-open-lightbox=\"yes\" data-elementor-lightbox-slideshow=\"697cd717\" e-action-hash=\"#elementor-action%3Aaction%3Dlightbox%26settings%3DeyJpZCI6MjQxMywidXJsIjoiaHR0cHM6XC9cL2xhZGFuc2UtZnVsZGEuZGVcL3dwLWNvbnRlbnRcL3VwbG9hZHNcLzIwMjJcLzEwXC9JTUdfMDQ5OS1taW4tc2NhbGVkLmpwZyIsInNsaWRlc2hvdyI6IjY5N2NkNzE3In0%3D\" href=\"https:\/\/ladanse-fulda.de\/wp-content\/uploads\/2022\/10\/IMG_0499-min-scaled.jpg\" data-rel=\"lightbox-image-8\" data-rl_title=\"\" data-rl_caption=\"\" title=\"\"><figure class=\"swiper-slide-inner\"><img class=\"swiper-slide-image\" src=\"https:\/\/i0.wp.com\/ladanse-fulda.de\/wp-content\/uploads\/2022\/10\/IMG_0499-min-scaled.jpg?fit=700%2C700&amp;ssl=1\" alt=\"\" \/><\/figure><\/a><\/div><div class=\"swiper-slide\"><a data-elementor-open-lightbox=\"yes\" data-elementor-lightbox-slideshow=\"697cd717\" e-action-hash=\"#elementor-action%3Aaction%3Dlightbox%26settings%3DeyJpZCI6MjQxNiwidXJsIjoiaHR0cHM6XC9cL2xhZGFuc2UtZnVsZGEuZGVcL3dwLWNvbnRlbnRcL3VwbG9hZHNcLzIwMjJcLzEwXC9JTUdfMDUwOC1zY2FsZWQuanBnIiwic2xpZGVzaG93IjoiNjk3Y2Q3MTcifQ%3D%3D\" href=\"https:\/\/ladanse-fulda.de\/wp-content\/uploads\/2022\/10\/IMG_0508-scaled.jpg\" data-rel=\"lightbox-image-9\" data-rl_title=\"\" data-rl_caption=\"\" title=\"\"><figure class=\"swiper-slide-inner\"><img class=\"swiper-slide-image\" src=\"https:\/\/i0.wp.com\/ladanse-fulda.de\/wp-content\/uploads\/2022\/10\/IMG_0508-scaled.jpg?fit=700%2C700&amp;ssl=1\" alt=\"\" \/><\/figure><\/a><\/div><div class=\"swiper-slide\"><a data-elementor-open-lightbox=\"yes\" data-elementor-lightbox-slideshow=\"697cd717\" e-action-hash=\"#elementor-action%3Aaction%3Dlightbox%26settings%3DeyJpZCI6MjQwNSwidXJsIjoiaHR0cHM6XC9cL2xhZGFuc2UtZnVsZGEuZGVcL3dwLWNvbnRlbnRcL3VwbG9hZHNcLzIwMjJcLzEwXC9JTUdfMDM1Ni1taW4tc2NhbGVkLmpwZyIsInNsaWRlc2hvdyI6IjY5N2NkNzE3In0%3D\" href=\"https:\/\/ladanse-fulda.de\/wp-content\/uploads\/2022\/10\/IMG_0356-min-scaled.jpg\" data-rel=\"lightbox-image-10\" data-rl_title=\"\" data-rl_caption=\"\" title=\"\"><figure class=\"swiper-slide-inner\"><img class=\"swiper-slide-image\" src=\"https:\/\/i0.wp.com\/ladanse-fulda.de\/wp-content\/uploads\/2022\/10\/IMG_0356-min-scaled.jpg?fit=700%2C700&amp;ssl=1\" alt=\"\" \/><\/figure><\/a><\/div><div class=\"swiper-slide\"><a data-elementor-open-lightbox=\"yes\" data-elementor-lightbox-slideshow=\"697cd717\" e-action-hash=\"#elementor-action%3Aaction%3Dlightbox%26settings%3DeyJpZCI6MjQwNiwidXJsIjoiaHR0cHM6XC9cL2xhZGFuc2UtZnVsZGEuZGVcL3dwLWNvbnRlbnRcL3VwbG9hZHNcLzIwMjJcLzEwXC9JTUdfMDM1Ny1taW4tc2NhbGVkLmpwZyIsInNsaWRlc2hvdyI6IjY5N2NkNzE3In0%3D\" href=\"https:\/\/ladanse-fulda.de\/wp-content\/uploads\/2022\/10\/IMG_0357-min-scaled.jpg\" data-rel=\"lightbox-image-11\" data-rl_title=\"\" data-rl_caption=\"\" title=\"\"><figure class=\"swiper-slide-inner\"><img class=\"swiper-slide-image\" src=\"https:\/\/i0.wp.com\/ladanse-fulda.de\/wp-content\/uploads\/2022\/10\/IMG_0357-min-scaled.jpg?fit=700%2C700&amp;ssl=1\" alt=\"\" \/><\/figure><\/a><\/div><div class=\"swiper-slide\"><a data-elementor-open-lightbox=\"yes\" data-elementor-lightbox-slideshow=\"697cd717\" e-action-hash=\"#elementor-action%3Aaction%3Dlightbox%26settings%3DeyJpZCI6MjQwMCwidXJsIjoiaHR0cHM6XC9cL2xhZGFuc2UtZnVsZGEuZGVcL3dwLWNvbnRlbnRcL3VwbG9hZHNcLzIwMjJcLzEwXC9JTUdfMDMzNi1taW4tc2NhbGVkLmpwZyIsInNsaWRlc2hvdyI6IjY5N2NkNzE3In0%3D\" href=\"https:\/\/ladanse-fulda.de\/wp-content\/uploads\/2022\/10\/IMG_0336-min-scaled.jpg\" data-rel=\"lightbox-image-12\" data-rl_title=\"\" data-rl_caption=\"\" title=\"\"><figure class=\"swiper-slide-inner\"><img class=\"swiper-slide-image\" src=\"https:\/\/i0.wp.com\/ladanse-fulda.de\/wp-content\/uploads\/2022\/10\/IMG_0336-min-scaled.jpg?fit=700%2C700&amp;ssl=1\" alt=\"\" \/><\/figure><\/a><\/div><div class=\"swiper-slide\"><a data-elementor-open-lightbox=\"yes\" data-elementor-lightbox-slideshow=\"697cd717\" e-action-hash=\"#elementor-action%3Aaction%3Dlightbox%26settings%3DeyJpZCI6MjQwMSwidXJsIjoiaHR0cHM6XC9cL2xhZGFuc2UtZnVsZGEuZGVcL3dwLWNvbnRlbnRcL3VwbG9hZHNcLzIwMjJcLzEwXC9JTUdfMDM0MC1taW4tc2NhbGVkLmpwZyIsInNsaWRlc2hvdyI6IjY5N2NkNzE3In0%3D\" href=\"https:\/\/ladanse-fulda.de\/wp-content\/uploads\/2022\/10\/IMG_0340-min-scaled.jpg\" data-rel=\"lightbox-image-13\" data-rl_title=\"\" data-rl_caption=\"\" title=\"\"><figure class=\"swiper-slide-inner\"><img class=\"swiper-slide-image\" src=\"https:\/\/i0.wp.com\/ladanse-fulda.de\/wp-content\/uploads\/2022\/10\/IMG_0340-min-scaled.jpg?fit=700%2C700&amp;ssl=1\" alt=\"\" \/><\/figure><\/a><\/div><div class=\"swiper-slide\"><a data-elementor-open-lightbox=\"yes\" data-elementor-lightbox-slideshow=\"697cd717\" e-action-hash=\"#elementor-action%3Aaction%3Dlightbox%26settings%3DeyJpZCI6MjQwMiwidXJsIjoiaHR0cHM6XC9cL2xhZGFuc2UtZnVsZGEuZGVcL3dwLWNvbnRlbnRcL3VwbG9hZHNcLzIwMjJcLzEwXC9JTUdfMDM0My1taW4tc2NhbGVkLmpwZyIsInNsaWRlc2hvdyI6IjY5N2NkNzE3In0%3D\" href=\"https:\/\/ladanse-fulda.de\/wp-content\/uploads\/2022\/10\/IMG_0343-min-scaled.jpg\" data-rel=\"lightbox-image-14\" data-rl_title=\"\" data-rl_caption=\"\" title=\"\"><figure class=\"swiper-slide-inner\"><img class=\"swiper-slide-image\" src=\"https:\/\/i0.wp.com\/ladanse-fulda.de\/wp-content\/uploads\/2022\/10\/IMG_0343-min-scaled.jpg?fit=700%2C700&amp;ssl=1\" alt=\"\" \/><\/figure><\/a><\/div><div class=\"swiper-slide\"><a data-elementor-open-lightbox=\"yes\" data-elementor-lightbox-slideshow=\"697cd717\" e-action-hash=\"#elementor-action%3Aaction%3Dlightbox%26settings%3DeyJpZCI6MjQwMywidXJsIjoiaHR0cHM6XC9cL2xhZGFuc2UtZnVsZGEuZGVcL3dwLWNvbnRlbnRcL3VwbG9hZHNcLzIwMjJcLzEwXC9JTUdfMDM0NC1taW4tc2NhbGVkLmpwZyIsInNsaWRlc2hvdyI6IjY5N2NkNzE3In0%3D\" href=\"https:\/\/ladanse-fulda.de\/wp-content\/uploads\/2022\/10\/IMG_0344-min-scaled.jpg\" data-rel=\"lightbox-image-15\" data-rl_title=\"\" data-rl_caption=\"\" title=\"\"><figure class=\"swiper-slide-inner\"><img class=\"swiper-slide-image\" src=\"https:\/\/i0.wp.com\/ladanse-fulda.de\/wp-content\/uploads\/2022\/10\/IMG_0344-min-scaled.jpg?fit=700%2C700&amp;ssl=1\" alt=\"\" \/><\/figure><\/a><\/div><div class=\"swiper-slide\"><a data-elementor-open-lightbox=\"yes\" data-elementor-lightbox-slideshow=\"697cd717\" e-action-hash=\"#elementor-action%3Aaction%3Dlightbox%26settings%3DeyJpZCI6MjQxMiwidXJsIjoiaHR0cHM6XC9cL2xhZGFuc2UtZnVsZGEuZGVcL3dwLWNvbnRlbnRcL3VwbG9hZHNcLzIwMjJcLzEwXC9JTUdfMDQ5NC1taW4tc2NhbGVkLmpwZyIsInNsaWRlc2hvdyI6IjY5N2NkNzE3In0%3D\" href=\"https:\/\/ladanse-fulda.de\/wp-content\/uploads\/2022\/10\/IMG_0494-min-scaled.jpg\" data-rel=\"lightbox-image-16\" data-rl_title=\"\" data-rl_caption=\"\" title=\"\"><figure class=\"swiper-slide-inner\"><img class=\"swiper-slide-image\" src=\"https:\/\/i0.wp.com\/ladanse-fulda.de\/wp-content\/uploads\/2022\/10\/IMG_0494-min-scaled.jpg?fit=700%2C700&amp;ssl=1\" alt=\"\" \/><\/figure><\/a><\/div><div class=\"swiper-slide\"><a data-elementor-open-lightbox=\"yes\" data-elementor-lightbox-slideshow=\"697cd717\" data-elementor-lightbox-title=\"IMG_0362-mi\" e-action-hash=\"#elementor-action%3Aaction%3Dlightbox%26settings%3DeyJpZCI6MjQwNywidXJsIjoiaHR0cHM6XC9cL2xhZGFuc2UtZnVsZGEuZGVcL3dwLWNvbnRlbnRcL3VwbG9hZHNcLzIwMjJcLzEwXC9JTUdfMDM2Mi1taW4tc2NhbGVkLmpwZyIsInNsaWRlc2hvdyI6IjY5N2NkNzE3In0%3D\" href=\"https:\/\/ladanse-fulda.de\/wp-content\/uploads\/2022\/10\/IMG_0362-min-scaled.jpg\" data-rel=\"lightbox-image-17\" data-rl_title=\"\" data-rl_caption=\"\" title=\"\"><figure class=\"swiper-slide-inner\"><img class=\"swiper-slide-image\" src=\"https:\/\/i0.wp.com\/ladanse-fulda.de\/wp-content\/uploads\/2022\/10\/IMG_0362-min-scaled.jpg?fit=700%2C700&amp;ssl=1\" alt=\"IMG_0362-mi\" \/><\/figure><\/a><\/div>\t\t\t<\/div>\n\t\t\t\t\t\t\t\t\t\t\t\t<div class=\"swiper-pagination\"><\/div>\n\t\t\t\t\t\t\t\t\t\t\t\t\t<\/div>\n\t\t\t\t<\/div>\n\t\t\t\t<\/div>\n\t\t\t\t\t<\/div>\n\t\t<\/div>\n\t\t\t\t<div class=\"elementor-column elementor-col-33 elementor-inner-column elementor-element elementor-element-1e8d42c0\" data-id=\"1e8d42c0\" data-element_type=\"column\" data-settings=\"{&quot;background_background&quot;:&quot;classic&quot;}\">\n\t\t\t<div class=\"elementor-widget-wrap\">\n\t\t\t\t\t\t\t\t\t<\/div>\n\t\t<\/div>\n\t\t\t\t\t\t\t<\/div>\n\t\t<\/section>\n\t\t\t\t\t<\/div>\n\t\t<\/div>\n\t\t\t\t\t\t\t<\/div>\n\t\t<\/section>\n\t\t\t\t\t\t\t<\/div>\n\t\t","protected":false},"excerpt":{"rendered":"<p>R\u00e4ume Impressionen unserer Ballettschule<\/p>\n","protected":false},"author":1,"featured_media":0,"parent":0,"menu_order":0,"comment_status":"closed","ping_status":"closed","template":"","meta":{"_themeisle_gutenberg_block_has_review":false,"jetpack_post_was_ever_published":false},"jetpack_sharing_enabled":true,"jetpack_shortlink":"https:\/\/wp.me\/P709OW-iT","jetpack-related-posts":[{"id":1133,"url":"https:\/\/ladanse-fulda.de\/?page_id=1133","url_meta":{"origin":1171,"position":0},"title":"Tanz(T)r\u00e4ume","date":"Oktober 25, 2022","format":false,"excerpt":"tanz(t)r\u00e4ume Impressionen unserer Vorstellung","rel":"","context":"\u00c4hnlicher Beitrag","img":{"alt_text":"","src":"","width":0,"height":0},"classes":[]},{"id":928,"url":"https:\/\/ladanse-fulda.de\/?page_id=928","url_meta":{"origin":1171,"position":1},"title":"Gala 2016","date":"Oktober 24, 2022","format":false,"excerpt":"Gala 2016 Impressionen unserer Vorstellung","rel":"","context":"\u00c4hnlicher Beitrag","img":{"alt_text":"","src":"","width":0,"height":0},"classes":[]},{"id":942,"url":"https:\/\/ladanse-fulda.de\/?page_id=942","url_meta":{"origin":1171,"position":2},"title":"Der Nussknacker 2016","date":"Oktober 25, 2022","format":false,"excerpt":"Der Nussknacker 2016 Impressionen unserer Vorstellung","rel":"","context":"\u00c4hnlicher Beitrag","img":{"alt_text":"","src":"","width":0,"height":0},"classes":[]},{"id":950,"url":"https:\/\/ladanse-fulda.de\/?page_id=950","url_meta":{"origin":1171,"position":3},"title":"Swan Lake","date":"Oktober 25, 2022","format":false,"excerpt":"Swan lake Impressionen unserer Vorstellung","rel":"","context":"\u00c4hnlicher Beitrag","img":{"alt_text":"","src":"","width":0,"height":0},"classes":[]},{"id":1027,"url":"https:\/\/ladanse-fulda.de\/?page_id=1027","url_meta":{"origin":1171,"position":4},"title":"Alice im Wunderland","date":"Oktober 25, 2022","format":false,"excerpt":"Alice im wunderland Impressionen unserer Vorstellung","rel":"","context":"\u00c4hnlicher Beitrag","img":{"alt_text":"","src":"","width":0,"height":0},"classes":[]},{"id":1032,"url":"https:\/\/ladanse-fulda.de\/?page_id=1032","url_meta":{"origin":1171,"position":5},"title":"Cinderella 2015","date":"Oktober 25, 2022","format":false,"excerpt":"CINDERELLA 2015 Impressionen unserer Vorstellung","rel":"","context":"\u00c4hnlicher Beitrag","img":{"alt_text":"","src":"","width":0,"height":0},"classes":[]}],"jetpack_likes_enabled":true,"_links":{"self":[{"href":"https:\/\/ladanse-fulda.de\/index.php?rest_route=\/wp\/v2\/pages\/1171"}],"collection":[{"href":"https:\/\/ladanse-fulda.de\/index.php?rest_route=\/wp\/v2\/pages"}],"about":[{"href":"https:\/\/ladanse-fulda.de\/index.php?rest_route=\/wp\/v2\/types\/page"}],"author":[{"embeddable":true,"href":"https:\/\/ladanse-fulda.de\/index.php?rest_route=\/wp\/v2\/users\/1"}],"replies":[{"embeddable":true,"href":"https:\/\/ladanse-fulda.de\/index.php?rest_route=%2Fwp%2Fv2%2Fcomments&post=1171"}],"version-history":[{"count":7,"href":"https:\/\/ladanse-fulda.de\/index.php?rest_route=\/wp\/v2\/pages\/1171\/revisions"}],"predecessor-version":[{"id":2419,"href":"https:\/\/ladanse-fulda.de\/index.php?rest_route=\/wp\/v2\/pages\/1171\/revisions\/2419"}],"wp:attachment":[{"href":"https:\/\/ladanse-fulda.de\/index.php?rest_route=%2Fwp%2Fv2%2Fmedia&parent=1171"}],"curies":[{"name":"wp","href":"https:\/\/api.w.org\/{rel}","templated":true}]}}