{"id":3089,"date":"2025-07-23T06:37:37","date_gmt":"2025-07-23T06:37:37","guid":{"rendered":"https:\/\/ladanse-fulda.de\/?page_id=3089"},"modified":"2025-07-23T06:40:00","modified_gmt":"2025-07-23T06:40:00","slug":"impressum-3","status":"publish","type":"page","link":"https:\/\/ladanse-fulda.de\/?page_id=3089","title":{"rendered":"AGBs Ticketverkauf"},"content":{"rendered":"<div id=\"pl-3089\"  class=\"panel-layout\" ><div id=\"pg-3089-0\"  class=\"panel-grid panel-no-style\" ><div id=\"pgc-3089-0-0\"  class=\"panel-grid-cell\" ><div id=\"panel-3089-0-0-0\" class=\"so-panel widget widget_sow-headline panel-first-child\" data-index=\"0\" ><div\n\t\t\t\n\t\t\tclass=\"so-widget-sow-headline so-widget-sow-headline-default-b699624ef048-3089\"\n\t\t\t\n\t\t><div class=\"sow-headline-container \">\n\t<h2 class='sow-headline'>AGBs Ticketverkauf La Danse<\/h2>\t\t\t\t\t<div class=\"decoration\">\n\t\t\t\t\t\t<div class=\"decoration-inside\"><\/div>\n\t\t\t\t\t<\/div>\n\t\t\t\t\t<\/div><\/div><\/div><div id=\"panel-3089-0-0-1\" class=\"so-panel widget widget_sow-editor panel-last-child\" data-index=\"1\" ><div\n\t\t\t\n\t\t\tclass=\"so-widget-sow-editor so-widget-sow-editor-base\"\n\t\t\t\n\t\t>\n<div class=\"siteorigin-widget-tinymce textwidget\">\n\t<p><b>Allgemeine Gesch\u00e4ftsbedingungen (AGB) f\u00fcr den Kauf von Event-Tickets von <\/b><b>La Danse<\/b><\/p>\n<p><b>1. Geltungsbereich<\/b><\/p>\n<p>Diese Allgemeinen Gesch\u00e4ftsbedingungen (AGB) gelten f\u00fcr alle Vertr\u00e4ge \u00fcber den Kauf von Tickets f\u00fcr Veranstaltungen, die zwischen La Danse\u00a0(im Folgenden \u201eVerk\u00e4ufer\u201c) und dem K\u00e4ufer abgeschlossen werden.<\/p>\n<p><b>2. Vertragsabschluss<\/b><\/p>\n<p>Der Vertrag \u00fcber den Erwerb von Tickets kommt durch die Bestellung des K\u00e4ufers und die anschlie\u00dfende Best\u00e4tigung durch den Verk\u00e4ufer zustande. Der Verk\u00e4ufer beh\u00e4lt sich das Recht vor, Bestellungen abzulehnen.<\/p>\n<p><b>3. Preise und Zahlung<\/b><\/p>\n<p>Die angegebenen Ticketpreise verstehen sich inklusive der gesetzlichen Mehrwertsteuer und zuz\u00fcglich allf\u00e4lliger Bearbeitungsgeb\u00fchren. Die Zahlung erfolgt \u00fcber die im Bestellprozess angebotene Zahlungsmethoden. Der Anspruch auf Tickets entsteht erst nach vollst\u00e4ndigem Zahlungseingang.<\/p>\n<p><b>4. Versand und Lieferung<\/b><\/p>\n<p>Der Versand der Tickets erfolgt per Post oder Abholung der Tickets in der Ballettschule. Der Verk\u00e4ufer haftet nicht f\u00fcr den Verlust von Tickets nach deren Versand.<\/p>\n<p><b>5. R\u00fcckgabe und Erstattung<\/b><\/p>\n<p>Ein Widerrufsrecht f\u00fcr Tickets, die zu einem bestimmten Zeitpunkt oder innerhalb eines genau angegebenen Zeitraums genutzt werden m\u00fcssen, besteht nicht. Im Falle der Absage oder Verschiebung der Veranstaltung hat der K\u00e4ufer Anspruch auf Erstattung des Ticketpreises oder auf ein Ersatzdatum. Weitere Anspr\u00fcche sind ausgeschlossen.<\/p>\n<p><b>6. Weiterverkauf und \u00dcbertragung<\/b><\/p>\n<p>Der kommerzielle Weiterverkauf von Tickets ohne ausdr\u00fcckliche Zustimmung des Verk\u00e4ufers ist untersagt. Tickets sind personengebunden und d\u00fcrfen nicht ohne Zustimmung des Verk\u00e4ufers auf Dritte \u00fcbertragen werden.<\/p>\n<p><b>7. Haftung<\/b><\/p>\n<p>Der Verk\u00e4ufer haftet nur f\u00fcr Vorsatz und grobe Fahrl\u00e4ssigkeit. F\u00fcr leichte Fahrl\u00e4ssigkeit haftet der Verk\u00e4ufer nur bei Verletzung wesentlicher Vertragspflichten. Die Haftung ist auf den vorhersehbaren, vertragstypischen Schaden begrenzt.<\/p>\n<p><b>8. Datenschutz<\/b><\/p>\n<p>Der Verk\u00e4ufer erhebt und verarbeitet personenbezogene Daten des K\u00e4ufers zur Abwicklung des Ticketverkaufs und zur Durchf\u00fchrung der Veranstaltung. Weitere Informationen zum Datenschutz sind in der Datenschutzerkl\u00e4rung des Verk\u00e4ufers einsehbar.<\/p>\n<p><b>9. Schlussbestimmungen<\/b><\/p>\n<p>Ausschliesslicher Gerichtsstand f\u00fcr Streitigkeiten im Zusammenhang mit diesen AGB und Erf\u00fcllungsort der Sitz des Verk\u00e4ufers. Sollte eine Bestimmung dieser AGB unwirksam sein, so bleibt der Vertrag im \u00dcbrigen wirksam. Die unwirksame Bestimmung wird durch eine wirksame Regelung ersetzt, die dem wirtschaftlichen Zweck der unwirksamen Bestimmung am n\u00e4chsten kommt.<\/p>\n<p>&nbsp;<\/p>\n<p>Jan-Andreas H\u00f6nscher<br \/>\nLa Danse - Schule f\u00fcr Ballett, Bewegung und Tanz<br \/>\nRabanusstra\u00dfe 12<br \/>\n36037 Fulda<\/p>\n<h2>Kontakt:<\/h2>\n<p>Telefon: 0661 73632<br \/>\nTelefax: 0661 2928887<br \/>\nE-Mail: tanz@ladanse-fulda.de<\/p>\n<p>&nbsp;<\/p>\n<\/div>\n<\/div><\/div><\/div><\/div><\/div>","protected":false},"excerpt":{"rendered":"<p>Allgemeine Gesch\u00e4ftsbedingungen (AGB) f\u00fcr den Kauf von Event-Tickets von La Danse 1. Geltungsbereich Diese Allgemeinen Gesch\u00e4ftsbedingungen (AGB) gelten f\u00fcr alle Vertr\u00e4ge \u00fcber den Kauf von Tickets f\u00fcr Veranstaltungen, die zwischen La Danse\u00a0(im Folgenden \u201eVerk\u00e4ufer\u201c) und dem K\u00e4ufer abgeschlossen werden. 2. Vertragsabschluss Der Vertrag \u00fcber den Erwerb von Tickets kommt durch die Bestellung des K\u00e4ufers und [&hellip;]<\/p>\n","protected":false},"author":1,"featured_media":0,"parent":0,"menu_order":0,"comment_status":"closed","ping_status":"closed","template":"","meta":{"_themeisle_gutenberg_block_has_review":false,"jetpack_post_was_ever_published":false},"jetpack_sharing_enabled":true,"jetpack_shortlink":"https:\/\/wp.me\/P709OW-NP","jetpack-related-posts":[{"id":74,"url":"https:\/\/ladanse-fulda.de\/?page_id=74","url_meta":{"origin":3089,"position":0},"title":"Impressum","date":"Dezember 9, 2015","format":false,"excerpt":"Angaben gem\u00e4\u00df \u00a7 5 TMG: Jan-Andreas H\u00f6nscher La Danse - Schule f\u00fcr Ballett, Bewegung und Tanz Rabanusstra\u00dfe 12 36037 Fulda Kontakt: Telefon: 0661 73632 Telefax: 0661 2928887 E-Mail: tanz@ladanse-fulda.de Streitschlichtung Die Europ\u00e4ische Kommission stellt eine Plattform zur Online-Streitbeilegung (OS) bereit: https:\/\/ec.europa.eu\/consumers\/odr. Unsere E-Mail-Adresse finden Sie oben im Impressum. Wir sind\u2026","rel":"","context":"\u00c4hnlicher Beitrag","img":{"alt_text":"","src":"","width":0,"height":0},"classes":[]},{"id":420,"url":"https:\/\/ladanse-fulda.de\/?page_id=420","url_meta":{"origin":3089,"position":1},"title":"Datenschutzerkl\u00e4rung","date":"Mai 13, 2018","format":false,"excerpt":"1. Datenschutz auf einen Blick Allgemeine Hinweise Die folgenden Hinweise geben einen einfachen \u00dcberblick dar\u00fcber, was mit Ihren personenbezogenen Daten passiert, wenn Sie unsere Website besuchen. Personenbezogene Daten sind alle Daten, mit denen Sie pers\u00f6nlich identifiziert werden k\u00f6nnen. Ausf\u00fchrliche Informationen zum Thema Datenschutz entnehmen Sie unserer unter diesem Text aufgef\u00fchrten\u2026","rel":"","context":"\u00c4hnlicher Beitrag","img":{"alt_text":"","src":"","width":0,"height":0},"classes":[]},{"id":1176,"url":"https:\/\/ladanse-fulda.de\/?page_id=1176","url_meta":{"origin":3089,"position":2},"title":"Unterricht","date":"Oktober 25, 2022","format":false,"excerpt":"Unterricht Impressionen unserer Kurse","rel":"","context":"\u00c4hnlicher Beitrag","img":{"alt_text":"","src":"","width":0,"height":0},"classes":[]},{"id":928,"url":"https:\/\/ladanse-fulda.de\/?page_id=928","url_meta":{"origin":3089,"position":3},"title":"Gala 2016","date":"Oktober 24, 2022","format":false,"excerpt":"Gala 2016 Impressionen unserer Vorstellung","rel":"","context":"\u00c4hnlicher Beitrag","img":{"alt_text":"","src":"","width":0,"height":0},"classes":[]},{"id":942,"url":"https:\/\/ladanse-fulda.de\/?page_id=942","url_meta":{"origin":3089,"position":4},"title":"Der Nussknacker 2016","date":"Oktober 25, 2022","format":false,"excerpt":"Der Nussknacker 2016 Impressionen unserer Vorstellung","rel":"","context":"\u00c4hnlicher Beitrag","img":{"alt_text":"","src":"","width":0,"height":0},"classes":[]},{"id":950,"url":"https:\/\/ladanse-fulda.de\/?page_id=950","url_meta":{"origin":3089,"position":5},"title":"Swan Lake","date":"Oktober 25, 2022","format":false,"excerpt":"Swan lake Impressionen unserer Vorstellung","rel":"","context":"\u00c4hnlicher Beitrag","img":{"alt_text":"","src":"","width":0,"height":0},"classes":[]}],"jetpack_likes_enabled":true,"_links":{"self":[{"href":"https:\/\/ladanse-fulda.de\/index.php?rest_route=\/wp\/v2\/pages\/3089"}],"collection":[{"href":"https:\/\/ladanse-fulda.de\/index.php?rest_route=\/wp\/v2\/pages"}],"about":[{"href":"https:\/\/ladanse-fulda.de\/index.php?rest_route=\/wp\/v2\/types\/page"}],"author":[{"embeddable":true,"href":"https:\/\/ladanse-fulda.de\/index.php?rest_route=\/wp\/v2\/users\/1"}],"replies":[{"embeddable":true,"href":"https:\/\/ladanse-fulda.de\/index.php?rest_route=%2Fwp%2Fv2%2Fcomments&post=3089"}],"version-history":[{"count":10,"href":"https:\/\/ladanse-fulda.de\/index.php?rest_route=\/wp\/v2\/pages\/3089\/revisions"}],"predecessor-version":[{"id":3101,"href":"https:\/\/ladanse-fulda.de\/index.php?rest_route=\/wp\/v2\/pages\/3089\/revisions\/3101"}],"wp:attachment":[{"href":"https:\/\/ladanse-fulda.de\/index.php?rest_route=%2Fwp%2Fv2%2Fmedia&parent=3089"}],"curies":[{"name":"wp","href":"https:\/\/api.w.org\/{rel}","templated":true}]}}